{"id":27,"date":"2009-01-15T00:00:08","date_gmt":"2009-01-14T23:00:08","guid":{"rendered":"http:\/\/www.c3000.net\/?page_id=27"},"modified":"2018-01-29T20:51:03","modified_gmt":"2018-01-29T19:51:03","slug":"releases","status":"publish","type":"page","link":"https:\/\/c3000.net\/?page_id=27","title":{"rendered":"Releases"},"content":{"rendered":"<p><strong>C3000 wurde auf der Cebit 2001 erstmalig vorgestellt.<\/strong> Die Versionen <strong>1.0<\/strong> und<strong> 1.1<\/strong> waren eher Insidern vorbehalten und kamen nicht gro\u00df auf den Markt. Die Version <strong>1.2<\/strong> erwies sich schon als ausserordentlich stabil und brachte gegen\u00fcber C3 (Faxserver) und allen L\u00f6sungen des Mitbewerbs so einige revolution\u00e4re Ver\u00e4nderungen mit sich. Die <strong>Benutzerverwaltung wurde in Standard-Directories verlagert (Microsoft ADS oder Novell NDS) <\/strong>und die Nutz- und Konfigurationsdaten lagen in einer Standard SQL Datenbank (damals noch Primebase). Bislang setzte der Markt auf eigene Datenbanken und hatte allenfalls die Synchronisation mit anderen Systemen zu bieten.<\/p>\n<p>Mit der Version <strong>1.3 <\/strong>ging das Produkt 2002 im Zuge des Verkaufs der Firma COM:ON an die Tenovis \u00fcber und wurde\u00a0 vom Tochterunternehmen Comergo (Entwicklungshaus der Tenovis) mit vereinten Kr\u00e4ften weiterentwickelt.<\/p>\n<p>Bereits zum Jahreswechsel 2002\/2003 stand eine total \u00fcberarbeitete Tenovis\/Comergo Version <strong>1.4<\/strong> in den Startl\u00f6chern. Neben einem Wechsel auf die Sybase ASE gab es eine ganze Reihe von neuen Leistungsmerkmalen und einen Wechsel auf den Standard Tenovis Lizenzserver. Der Auszug aus den Systemvoraussetzungen f\u00fcr den C3000 Server gibt heutzutage Anlass zum Schmunzeln: <strong>PC min. Intel PIII 600 MHz, min. 256 MB Hauptspeicher, min. 8 GB Festplattenspeicher &#8230; <\/strong><\/p>\n<p>Mit gro\u00dfen Schritten ging die Entwicklung voran und so wurde bereits am 16.06.2003 die Marktfreigabe f\u00fcr die Version <strong>1.5<\/strong> erteilt. Die Highlights dieser Ausgabe waren u.a. : <strong>Ansage vor Melden<\/strong> auf einem Basisanschluss S0 mit 4 frei definierbaren Rufzielen,Vertreterfunktion, gesch\u00e4ftszeitenabh\u00e4ngige Ansagensteuerung,<strong> 2-sprachiges TUI (TelefonUserInterface)<\/strong>, erweiterte Statistikfunktionen \u00fcber RoD (Reporting on Demand, bekannt aus dem BCC Umfeld) und neue Formulare f\u00fcr Microsoft Outlook. Diese Version erhielt in der Folge noch 2 Servicepacks, die gr\u00f6\u00dftenteils Fehler beseitigten und kaum neue Leistungsmerkmale mit sich brachten.<\/p>\n<p>Im Herbst 2004 war es endlich soweit &#8211; die Version <strong>1.6 <\/strong>durfte mit dem Stand 1.6.082 auf den Markt. Immerhin erkl\u00e4ren die 81 vorangegangenen Versuche die lange Wartezeit&#8230; Nach leidlichen Erfahrungen mit der Vorversion 1.5 wurde bei der Herausgabe der 1.6 sehr gro\u00dfer Wert auf Qualit\u00e4tssicherung gelegt und so ist dieser Revisionsstand auch heute in gro\u00dfem Umfang auf dem Markt zu finden (Stand 01\/2009). Neben der Umstellung auf die <strong>Sybase ASE 12.5<\/strong> kamen neue Leistungsmerkmale in der TUI hinzu (Franz\u00f6sisch wurde als dritte Sprache eingef\u00fchrt, w\u00e4hrend der Bedienung konnte jederzeit zwischen den Sprachen umgeschaltet werden) es gab eine gut funktionierende <strong>Anbindung f\u00fcr TTS (TextToSpeech)<\/strong> f\u00fcr Microsoft Exchange und unter anderem auch einen neuen und stabilen Lizenzserver.<\/p>\n<p>Im September 2005 folgte die erste Ausgabe der <strong>1.7<\/strong>, u.a. mit folgendem funktionellen Mehrwert gegen\u00fcber der 1.6:<\/p>\n<address>&#8211; Erweiterung der Benutzeroberfl\u00e4chen um Spanisch, Italienisch und Niederl\u00e4ndisch.<\/address>\n<address>&#8211; komplett neu gestalteter (und deutlich schnellerer) Webadmin<\/address>\n<address>&#8211; Kontextsensitivit\u00e4t f\u00fcr das TUI. Es werden nur die sinnvollen Optionen angeboten, z.B. &#8222;neue Nachrichten&#8220; nur dann, wenn solche auch vorhanden sind, etc.<\/address>\n<address>&#8211; MAPI Anbindung des Communication Gateways<\/address>\n<address>&#8211; Farbfaxe k\u00f6nnen empfangen werden<\/address>\n<address>&#8211; digitale Signatur von Faxen ist m\u00f6glich (Lizenzpflichtig)<\/address>\n<p>Nach langem Warten wurde am 26.03.2007 der<strong> Servicepack 1 zur Version 1.7 <\/strong>vorgestellt und zur Installation freigegeben. Dass nahezu 2 Jahre bis zu diesem ersten Servicepack vergingen, erkl\u00e4rt sich durch eine etwas inkonsequente Produktpolitik. Urspr\u00fcnglich sollte C3000 Unified Messaging als kombiniertes Produkt UMR f\u00fcr den globalen Markt weiterentwickelt werden, jedoch kristallisierte sich heraus, dass diverse Leistungsmerkmale und Funktionalit\u00e4ten nicht f\u00fcr alle M\u00e4rkte, insbesondere USA und Europa , unter einen Hut zu bringen waren. So bleibt uns C3000 mit der bisherigen Produktphilosophie erhalten.<\/p>\n<p>Am 15.01.2009 wurde der <strong>Servicepack 2 f\u00fcr die Version 1.7<\/strong> zur Installation bereitgestellt. Damit sind einige neue Features verbunden, u.a. die Freigabe f\u00fcr MS Exchange 2007 (SMTP Connector mit erweiterten M\u00f6glichkeiten), Vista-f\u00e4hige Druckertreiber sowie ein komplett neu entwickelter Konvertierungsdrucker.<\/p>\n<p>Seit dem 15.02.2010 ist die <strong>Version 2.0<\/strong> verf\u00fcgbar, die u.a. die Unterst\u00fctzung f\u00fcr Notes 8.5, Groupwise 8 mit sich bringt und viele interessante neue Features an Bord hat. Zum Beispiel gibt es ab dieser Version eine FollowMe Funktion in der Mailbox, die Option, aufgesprochene Nachrichten zu editieren, Eingehende Faxe wahlweise als TIF oder PDF zum User zu schicken, etc.<\/p>\n<p>Die Version (2.1SP2) steht seit dem 24.08.2012 zur Verf\u00fcgung. Neue Leistungsmerkmale u.a.: neuer HAL, Konvertierung von HTML und Word Dokumenten (.html, .doc, .docx) kann \u00fcber die Freeware TextMakerViewer konvertiert werden, Novell 2012 und eDirectory 8.8 werden unterst\u00fctzt, neue Tomcat Version, Anzeige der benutzten Lizenzen im Webadmin, &#8230;<\/p>\n<p>Die Release 3.x (verf\u00fcgbar seit September 2014) baut auf einem komplett neuen DB Konzept auf. Statt der Sybase ASE kommt nun die PostgreSQL zum Einsatz (u.a. wesentlich schlanker in Bezug auf die ben\u00f6tigten Systemressourcen) Die Konvertierung l\u00e4uft jetzt nicht mehr \u00fcber den C3000 Server (Dienst), sondern in einem eigenen Prozess. Aktuell (Stand Jan. 2018 ist die Version 3.2)<\/p>\n","protected":false},"excerpt":{"rendered":"<p>C3000 wurde auf der Cebit 2001 erstmalig vorgestellt. Die Versionen 1.0 und 1.1 waren eher Insidern vorbehalten und kamen nicht gro\u00df auf den Markt. Die Version 1.2 erwies sich schon als ausserordentlich stabil und brachte gegen\u00fcber C3 (Faxserver) und allen L\u00f6sungen des Mitbewerbs so einige revolution\u00e4re Ver\u00e4nderungen mit sich. Die Benutzerverwaltung wurde in Standard-Directories verlagert [&hellip;]<\/p>\n","protected":false},"author":1,"featured_media":0,"parent":0,"menu_order":4,"comment_status":"closed","ping_status":"closed","template":"","meta":{"footnotes":""},"class_list":["post-27","page","type-page","status-publish","hentry"],"_links":{"self":[{"href":"https:\/\/c3000.net\/index.php?rest_route=\/wp\/v2\/pages\/27","targetHints":{"allow":["GET"]}}],"collection":[{"href":"https:\/\/c3000.net\/index.php?rest_route=\/wp\/v2\/pages"}],"about":[{"href":"https:\/\/c3000.net\/index.php?rest_route=\/wp\/v2\/types\/page"}],"author":[{"embeddable":true,"href":"https:\/\/c3000.net\/index.php?rest_route=\/wp\/v2\/users\/1"}],"replies":[{"embeddable":true,"href":"https:\/\/c3000.net\/index.php?rest_route=%2Fwp%2Fv2%2Fcomments&post=27"}],"version-history":[{"count":27,"href":"https:\/\/c3000.net\/index.php?rest_route=\/wp\/v2\/pages\/27\/revisions"}],"predecessor-version":[{"id":13693,"href":"https:\/\/c3000.net\/index.php?rest_route=\/wp\/v2\/pages\/27\/revisions\/13693"}],"wp:attachment":[{"href":"https:\/\/c3000.net\/index.php?rest_route=%2Fwp%2Fv2%2Fmedia&parent=27"}],"curies":[{"name":"wp","href":"https:\/\/api.w.org\/{rel}","templated":true}]}}